{"id":10,"date":"2018-09-18T00:02:57","date_gmt":"2018-09-17T22:02:57","guid":{"rendered":"http:\/\/honig-saffian.de\/?page_id=10"},"modified":"2022-01-20T17:06:36","modified_gmt":"2022-01-20T15:06:36","slug":"behandlung-gegen-die-varroatose","status":"publish","type":"page","link":"https:\/\/honig-saffian.de\/?page_id=10","title":{"rendered":"Behandlung gegen die Varroatose"},"content":{"rendered":"\t\t<div data-elementor-type=\"wp-post\" data-elementor-id=\"10\" class=\"elementor elementor-10 elementor-bc-flex-widget\">\n\t\t\t\t\t\t<section class=\"elementor-section elementor-top-section elementor-element elementor-element-4fae330 elementor-section-boxed elementor-section-height-default elementor-section-height-default\" data-id=\"4fae330\" data-element_type=\"section\">\n\t\t\t\t\t\t<div class=\"elementor-container elementor-column-gap-default\">\n\t\t\t\t\t<div class=\"elementor-column elementor-col-50 elementor-top-column elementor-element elementor-element-b726c5c\" data-id=\"b726c5c\" data-element_type=\"column\">\n\t\t\t<div class=\"elementor-widget-wrap elementor-element-populated\">\n\t\t\t\t\t\t<div class=\"elementor-element elementor-element-d337dec elementor-widget elementor-widget-image\" data-id=\"d337dec\" data-element_type=\"widget\" data-widget_type=\"image.default\">\n\t\t\t\t<div class=\"elementor-widget-container\">\n\t\t\t\t\t\t\t\t\t\t\t\t\t<img fetchpriority=\"high\" decoding=\"async\" width=\"678\" height=\"381\" src=\"https:\/\/honig-saffian.de\/wp-content\/uploads\/2018\/09\/WP_20151102_003-1024x575.jpg\" class=\"attachment-large size-large wp-image-148\" alt=\"\" srcset=\"https:\/\/honig-saffian.de\/wp-content\/uploads\/2018\/09\/WP_20151102_003-1024x575.jpg 1024w, https:\/\/honig-saffian.de\/wp-content\/uploads\/2018\/09\/WP_20151102_003-300x169.jpg 300w, https:\/\/honig-saffian.de\/wp-content\/uploads\/2018\/09\/WP_20151102_003-768x431.jpg 768w, https:\/\/honig-saffian.de\/wp-content\/uploads\/2018\/09\/WP_20151102_003-e1537646119128.jpg 1500w\" sizes=\"(max-width: 678px) 100vw, 678px\" \/>\t\t\t\t\t\t\t\t\t\t\t\t\t<\/div>\n\t\t\t\t<\/div>\n\t\t\t\t\t<\/div>\n\t\t<\/div>\n\t\t\t\t<div class=\"elementor-column elementor-col-50 elementor-top-column elementor-element elementor-element-abee279\" data-id=\"abee279\" data-element_type=\"column\">\n\t\t\t<div class=\"elementor-widget-wrap elementor-element-populated\">\n\t\t\t\t\t\t<div class=\"elementor-element elementor-element-ad7be17 elementor-widget elementor-widget-text-editor\" data-id=\"ad7be17\" data-element_type=\"widget\" data-widget_type=\"text-editor.default\">\n\t\t\t\t<div class=\"elementor-widget-container\">\n\t\t\t\t\t\t\t<h3>Langzeit Ameisens\u00e4urebehandlung Start im September<\/h3><p style=\"text-align: left;\">Es ist wieder so weit und j\u00e4hrlich gr\u00fc\u00dft das Murmeltier. Turnusm\u00e4\u00dfig steht jetzt im September die Langzeitbehandlung der Bienen mit Ameisens\u00e4ure an.\u00a0 Dauer der Behandlung ist voraussichtlich ca. 2 Wochen.<\/p><p style=\"text-align: left;\">Bin sehr gespannt und hoffe, dass die t\u00e4gliche Verdunstungsmenge\u00a0 \u00a0 \u00a0 \u00a0 der Ameisens\u00e4ure gut ist und die Tages Temperaturspitzenwerte\u00a0 \u00a0 \u00a0 \u00a0 \u00a0 \u00a0 \u00a0 (um die 30\u00b0 C)\u00a0 an mehreren Tagen hintereinander\u00a0 die verdeckelte Brut nicht zu sehr sch\u00e4digen werden.<\/p>\t\t\t\t\t\t<\/div>\n\t\t\t\t<\/div>\n\t\t\t\t\t<\/div>\n\t\t<\/div>\n\t\t\t\t\t<\/div>\n\t\t<\/section>\n\t\t\t\t<section class=\"elementor-section elementor-top-section elementor-element elementor-element-b1463b7 elementor-section-boxed elementor-section-height-default elementor-section-height-default\" data-id=\"b1463b7\" data-element_type=\"section\">\n\t\t\t\t\t\t<div class=\"elementor-container elementor-column-gap-default\">\n\t\t\t\t\t<div class=\"elementor-column elementor-col-100 elementor-top-column elementor-element elementor-element-d0d026d\" data-id=\"d0d026d\" data-element_type=\"column\">\n\t\t\t<div class=\"elementor-widget-wrap elementor-element-populated\">\n\t\t\t\t\t\t<div class=\"elementor-element elementor-element-72d5fdb elementor-widget elementor-widget-heading\" data-id=\"72d5fdb\" data-element_type=\"widget\" data-widget_type=\"heading.default\">\n\t\t\t\t<div class=\"elementor-widget-container\">\n\t\t\t<h2 class=\"elementor-heading-title elementor-size-default\">Ende der zweiw\u00f6chigen Langzeit Ameisens\u00e4urebehanlung<\/h2>\t\t<\/div>\n\t\t\t\t<\/div>\n\t\t\t\t\t<\/div>\n\t\t<\/div>\n\t\t\t\t\t<\/div>\n\t\t<\/section>\n\t\t\t\t<section class=\"elementor-section elementor-top-section elementor-element elementor-element-4bd5c18 elementor-section-boxed elementor-section-height-default elementor-section-height-default\" data-id=\"4bd5c18\" data-element_type=\"section\">\n\t\t\t\t\t\t<div class=\"elementor-container elementor-column-gap-default\">\n\t\t\t\t\t<div class=\"elementor-column elementor-col-100 elementor-top-column elementor-element elementor-element-787f574\" data-id=\"787f574\" data-element_type=\"column\">\n\t\t\t<div class=\"elementor-widget-wrap elementor-element-populated\">\n\t\t\t\t\t\t<div class=\"elementor-element elementor-element-ecb4808 elementor-widget elementor-widget-text-editor\" data-id=\"ecb4808\" data-element_type=\"widget\" data-widget_type=\"text-editor.default\">\n\t\t\t\t<div class=\"elementor-widget-container\">\n\t\t\t\t\t\t\t<p>Beim \u00f6ffnen\u00a0der Beuten str\u00f6mt der Duft der Ameisens\u00e4ure haltigen Luft bei\u00dfend in\u00a0die Nase. Die langzeit Behandlung ist beendet. S\u00e4mtliche Ameisens\u00e4ure\u00a0 Verdunster sind leer und abger\u00e4umt.\u00a0 Brutsch\u00e4den sind nicht erkennbar.<\/p>\t\t\t\t\t\t<\/div>\n\t\t\t\t<\/div>\n\t\t\t\t\t<\/div>\n\t\t<\/div>\n\t\t\t\t\t<\/div>\n\t\t<\/section>\n\t\t\t\t<\/div>\n\t\t","protected":false},"excerpt":{"rendered":"<p>Langzeit Ameisens\u00e4urebehandlung Start im September Es ist wieder so weit und j\u00e4hrlich gr\u00fc\u00dft das Murmeltier. Turnusm\u00e4\u00dfig steht jetzt im September die Langzeitbehandlung der Bienen mit Ameisens\u00e4ure an.\u00a0 Dauer der Behandlung <a class=\"more-link\" href=\"https:\/\/honig-saffian.de\/?page_id=10\">Continue Reading &rarr;<\/a><\/p>\n","protected":false},"author":1,"featured_media":0,"parent":0,"menu_order":5,"comment_status":"closed","ping_status":"closed","template":"elementor_header_footer","meta":[],"_links":{"self":[{"href":"https:\/\/honig-saffian.de\/index.php?rest_route=\/wp\/v2\/pages\/10"}],"collection":[{"href":"https:\/\/honig-saffian.de\/index.php?rest_route=\/wp\/v2\/pages"}],"about":[{"href":"https:\/\/honig-saffian.de\/index.php?rest_route=\/wp\/v2\/types\/page"}],"author":[{"embeddable":true,"href":"https:\/\/honig-saffian.de\/index.php?rest_route=\/wp\/v2\/users\/1"}],"replies":[{"embeddable":true,"href":"https:\/\/honig-saffian.de\/index.php?rest_route=%2Fwp%2Fv2%2Fcomments&post=10"}],"version-history":[{"count":25,"href":"https:\/\/honig-saffian.de\/index.php?rest_route=\/wp\/v2\/pages\/10\/revisions"}],"predecessor-version":[{"id":332,"href":"https:\/\/honig-saffian.de\/index.php?rest_route=\/wp\/v2\/pages\/10\/revisions\/332"}],"wp:attachment":[{"href":"https:\/\/honig-saffian.de\/index.php?rest_route=%2Fwp%2Fv2%2Fmedia&parent=10"}],"curies":[{"name":"wp","href":"https:\/\/api.w.org\/{rel}","templated":true}]}}