{"id":100,"date":"2018-09-18T04:04:13","date_gmt":"2018-09-18T02:04:13","guid":{"rendered":"http:\/\/honig-saffian.de\/?page_id=100"},"modified":"2022-01-20T15:30:41","modified_gmt":"2022-01-20T13:30:41","slug":"datenschutzerklaerung","status":"publish","type":"page","link":"https:\/\/honig-saffian.de\/?page_id=100","title":{"rendered":"Datenschutzerkl\u00e4rung"},"content":{"rendered":"<p>Datenschutzerkl\u00e4rung<\/p>\n<p>Wir bedanken uns f\u00fcr Ihren Besuch auf unserer Webseite. Der sicherere Umgang mit Ihren Daten ist uns besonders wichtig. Wir m\u00f6chten Sie daher ausf\u00fchrlich \u00fcber die Verwendung Ihrer Daten bei dem Besuch unseres Webauftritts informieren.<\/p>\n<p>Hinweis zur verantwortlichen Stelle<\/p>\n<p>Die verantwortliche Stelle f\u00fcr die Datenverarbeitung auf dieser Website ist:<\/p>\n<p>Reimund Saffian<\/p>\n<p>Taunusstr. 44<\/p>\n<p>63067 Offenbach am Main<\/p>\n<p>Telefon: 069 896803<\/p>\n<p>E-Mail: datenschutz@honig-saffian.de<\/p>\n<p>Die Adresse unserer Website ist: http:\/\/honig-saffian.de<\/p>\n<p>Datenschutz<\/p>\n<p>Die Betreiber dieser Seiten nehmen den Schutz Ihrer pers\u00f6nlichen Daten sehr ernst. Wir behandeln Ihre personenbezogenen Daten vertraulich und entsprechend der gesetzlichen Datenschutzvorschriften sowie dieser Datenschutzerkl\u00e4rung.<\/p>\n<p>Die Nutzung unserer Webseite ist in der Regel ohne Angabe personenbezogener Daten m\u00f6glich. Soweit auf unseren Seiten personenbezogene Daten (beispielsweise Name, Anschrift oder E-Mail-Adressen) erhoben werden, erfolgt dies, soweit m\u00f6glich, stets auf freiwilliger Basis. Diese Daten werden ohne Ihre ausdr\u00fcckliche Zustimmung nicht an Dritte weitergegeben.<\/p>\n<p>Wir weisen darauf hin, dass die Daten\u00fcbertragung im Internet (z.B. bei der Kommunikation per E-Mail) Sicherheitsl\u00fccken aufweisen kann. Ein l\u00fcckenloser Schutz der Daten vor dem Zugriff durch Dritte ist nicht m\u00f6glich.<\/p>\n<p>Rechtsgrundlage der Verarbeitung<\/p>\n<p>Art. 6 Abs. S. 1 lit. a DSGVO dient unserem Unternehmen als Rechtsgrundlage f\u00fcr Verarbeitungsvorg\u00e4nge, bei denen wir eine Einwilligung f\u00fcr einen bestimmten Verarbeitungszweck einholen. Ist die Verarbeitung personenbezogener Daten zur Erf\u00fcllung eines Vertrags, dessen Vertragspartei die betroffene Person ist, erforderlich, wie dies beispielsweise bei Verarbeitungsvorg\u00e4ngen der Fall ist, die f\u00fcr eine Lieferung von Waren oder die Erbringung einer sonstigen Leistung oder Gegenleistung notwendig sind, so beruht die Verarbeitung auf Art. 6 Abs. S. 1 lit. b DSGVO. Gleiches gilt f\u00fcr solche Verarbeitungsvorg\u00e4nge, die zur Durchf\u00fchrung vorvertraglicher Ma\u00dfnahmen erforderlich sind, etwa in F\u00e4llen von Anfragen zur unseren Produkten oder Leistungen. Unterliegt unser Unternehmen einer rechtlichen Verpflichtung, durch welche eine Verarbeitung von personenbezogenen Daten erforderlich wird, wie beispielsweise zur Erf\u00fcllung steuerlicher Pflichten, so basiert die Verarbeitung auf Art. 6 Abs. S. 1 lit. c DSGVO. In seltenen F\u00e4llen k\u00f6nnte die Verarbeitung von personenbezogenen Daten erforderlich werden, um lebenswichtige Interessen der betroffenen Person oder einer anderen nat\u00fcrlichen Person zu sch\u00fctzen, Art. 6 Abs. S. 1 lit. d DSGVO. Letztlich k\u00f6nnten Verarbeitungsvorg\u00e4nge auch auf Art. 6 Abs. S. 1 lit. f DSGVO beruhen. Auf dieser Rechtsgrundlage basieren Verarbeitungsvorg\u00e4nge, die von keiner der vorgenannten Rechtsgrundlagen erfasst werden, wenn die Verarbeitung zur Wahrung eines berechtigten Interesses unseres Unternehmens oder eines Dritten erforderlich ist, sofern die Interessen, Grundrechte und Grundfreiheiten des Betroffenen nicht \u00fcberwiegen.<\/p>\n<p>Betroffenenrechte<\/p>\n<p>Sie haben das Recht:<br \/>\n\u2022gem\u00e4\u00df Art. 15 DSGVO Auskunft \u00fcber Ihre von uns verarbeiteten personenbezogenen Daten zu verlangen. Insbesondere k\u00f6nnen Sie Auskunft \u00fcber die Verarbeitungszwecke, die Kategorie der personenbezogenen Daten, die Kategorien von Empf\u00e4ngern, gegen\u00fcber denen Ihre Daten offengelegt wurden oder werden, die geplante Speicherdauer, das Bestehen eines Rechts auf Berichtigung, L\u00f6schung, Einschr\u00e4nkung der Verarbeitung oder Widerspruch, das Bestehen eines Beschwerderechts, die Herkunft ihrer Daten, sofern diese nicht bei uns erhoben wurden, sowie \u00fcber das Bestehen einer automatisierten Entscheidungsfindung einschlie\u00dflich Profiling und ggf. aussagekr\u00e4ftigen Informationen zu deren Einzelheiten verlangen;<br \/>\n\u2022gem\u00e4\u00df Art. 16 DSGVO unverz\u00fcglich die Berichtigung unrichtiger oder Vervollst\u00e4ndigung Ihrer bei mir gespeicherten personenbezogenen Daten zu verlangen;<br \/>\n\u2022gem\u00e4\u00df Art. 17 DSGVO die L\u00f6schung Ihrer bei uns gespeicherten personenbezogenen Daten zu verlangen, soweit nicht die Verarbeitung zur Aus\u00fcbung des Rechts auf freie Meinungs\u00e4u\u00dferung und Information, zur Erf\u00fcllung einer rechtlichen Verpflichtung, aus Gr\u00fcnden des \u00f6ffentlichen Interesses oder zur Geltendmachung, Aus\u00fcbung oder Verteidigung von Rechtsanspr\u00fcchen erforderlich ist;<br \/>\n\u2022gem\u00e4\u00df Art. 18 DSGVO die Einschr\u00e4nkung der Verarbeitung Ihrer personenbezogenen Daten zu verlangen, soweit die Richtigkeit der Daten von Ihnen bestritten wird, die Verarbeitung unrechtm\u00e4\u00dfig ist, Sie aber deren L\u00f6schung ablehnen und wir die Daten nicht mehr ben\u00f6tigen, Sie jedoch diese zur Geltendmachung, Aus\u00fcbung oder Verteidigung von Rechtsanspr\u00fcchen ben\u00f6tigen oder Sie gem\u00e4\u00df Art. 21 DSGVO Widerspruch gegen die Verarbeitung eingelegt haben;<br \/>\n\u2022gem\u00e4\u00df Art. 20 DSGVO Ihre personenbezogenen Daten, die Sie uns bereitgestellt haben, in einem strukturierten, g\u00e4ngigen und maschinenlesbaren Format zu erhalten oder die \u00dcbermittlung an einen anderen Verantwortlichen zu verlangen;<br \/>\n\u2022gem\u00e4\u00df Art. 7 Abs. 3 DSGVO Ihre einmal erteilte Einwilligung jederzeit uns gegen\u00fcber zu widerrufen. Dies hat zur Folge, dass wir die Datenverarbeitung, die auf dieser Einwilligung beruhte, f\u00fcr die Zukunft nicht mehr fortf\u00fchren d\u00fcrfen und<br \/>\n\u2022gem\u00e4\u00df Art. 77 DSGVO haben Sie unbeschadet eines anderweitigen verwaltungsrechtlichen oder gerichtlichen Rechtsbehelfs das Recht, sich bei einer Aufsichtsbeh\u00f6rde zu beschweren. In der Regel k\u00f6nnen Sie sich hierf\u00fcr an die Aufsichtsbeh\u00f6rde Ihres \u00fcblichen Aufenthaltsortes oder Arbeitsplatzes oder den Ort des Orts des mutma\u00dflichen Versto\u00dfes wenden, wenn die betroffene Person der Ansicht ist, dass die Verarbeitung der sie betreffenden personenbezogenen Daten gegen die Datenschutzgrundverordnung der EU (DS-GVO) verst\u00f6\u00dft.<\/p>\n<p>Weitergabe von Daten<\/p>\n<p>Eine \u00dcbermittlung Ihrer pers\u00f6nlichen Daten an Dritte zu anderen als den im Folgenden aufgef\u00fchrten Zwecken findet nicht statt. Ich gebe Ihre pers\u00f6nlichen Daten an Dritte nur weiter, wenn:<br \/>\n\u2022Sie Ihren nach Art. 6 Abs. 1 S. 1 lit. a DSGVO ausdr\u00fcckliche Einwilligung dazu erteilt haben,<br \/>\n\u2022die Weitergabe nach Art. 6 Abs. 1 S. 1 lit. f DSGVO zur Geltendmachung, Aus\u00fcbung oder Verteidigung von Rechtsanspr\u00fcchen erforderlich ist und kein Grund zur Annahme besteht, dass Sie ein \u00fcberwiegendes schutzw\u00fcrdiges Interesse an der Nichtweitergabe Ihrer Daten haben,<br \/>\n\u2022f\u00fcr den Fall, dass f\u00fcr die Weitergabe nach Art. 6 Abs. 1 S. 1 lit. c DSGVO eine gesetzliche Verpflichtung besteht, sowie<br \/>\n\u2022dies gesetzlich zul\u00e4ssig und nach Art. 6 Abs. 1 S. 1 lit. b DSGVO f\u00fcr die Abwicklung von Vertragsverh\u00e4ltnissen mit Ihnen erforderlich ist.<\/p>\n<p>Auskunftsrecht, Recht auf Berichtigung, Sperrung, L\u00f6schung, Widerspruch<\/p>\n<p>Auf schriftliche Anfrage informieren wir Sie \u00fcber die zu Ihrer Person durch uns gespeicherten Daten. Sie haben auch ein Recht auf Berichtigung, Sperrung, Widerspruch oder L\u00f6schung dieser Daten. Die Anfrage ist an unsere im Impressum der Webseite angegebene Adresse zu richten.<\/p>\n<p>Widerrufsrecht<\/p>\n<p>Sie haben jederzeit die M\u00f6glichkeit, der Erhebung, Verarbeitung und Nutzung Ihrer Daten zu widersprechen und\/oder Ihre Einwilligung zur Erhebung, Verarbeitung und Weitergabe Ihrer personenbezogenen Daten uns gegen\u00fcber mit Wirkung f\u00fcr die Zukunft zu widerrufen. Wenden Sie sich hierzu bitte an unsere im Impressum der Webseite angegebene Adresse.<\/p>\n<p>Allgemeine Erhebung von Daten<\/p>\n<p>Wenn Sie auf unsere Webseite zugreifen oder eine Datei abrufen, werden Daten \u00fcber diesen Vorgang in einer Protokolldatei auf unserem Webserver gespeichert. Im Einzelnen k\u00f6nnen folgende Daten gespeichert werden:<br \/>\n\u2022IP-Adresse (wenn m\u00f6glich, wird diese anonymisiert gespeichert)<br \/>\n\u2022Domain-Name der Webseite, von der Sie kamen<br \/>\n\u2022Namen der abgerufenen Dateien<br \/>\n\u2022Datum und Uhrzeit eines Abrufs<br \/>\n\u2022Name Ihres Internet Service Providers<br \/>\n\u2022sowie ggf. Betriebssystem und Browserversion Ihres Endger\u00e4ts<\/p>\n<p>IP-Adressen speichern wir nur aus Datensicherheitsgr\u00fcnden, um die Stabilit\u00e4t und die Sicherheit unseres Systems zu gew\u00e4hrleisten (Rechtsgrundlage: Art. 6 Abs. 1 lit. f DSGVO). Die statistische Auswertung anonymisierter Datens\u00e4tze bleibt vorbehalten.<\/p>\n<p>Cookies<\/p>\n<p>Unsere Internetseite verwendet Cookies. Ein Cookie ist eine Textdatei, die beim Besuch einer Internetseite erstellt und auf dem System des Nutzers der Website zwischengespeichert wird. Wird der Server unserer Webseite erneut vom Nutzer der Website aufgerufen, sendet der Browser des Nutzers der Website den zuvor empfangenen Cookie wieder zur\u00fcck an den Server. Der Server kann die durch dieses Verfahren erhaltenen Informationen auswerten. Durch Cookies k\u00f6nnen beispielsweise Werbeeinblendungen gesteuert oder das Navigieren auf einer Internetseite erleichtert werden. Cookies sind ferner erforderlich, um die Funktionsf\u00e4higkeit unseres Webseiten-Betriebs zu erm\u00f6glichen (als Rechtsgrundlage ist Art. 6 Abs. 1 lit f DSGVO genannt, die Wahrung der berechtigten Interessen des Betreibers dieser Webseite \u2013 wir verwenden Cookies nur in Vereinbarung mit Art. 5 Abs. 1 lit a DSGVO, also gem\u00e4\u00df der Prinzipien \u201eRechtm\u00e4\u00dfigkeit, Verarbeitung nach Treu und Glauben, Transparenz\u201c).<br \/>\nWenn Sie die Nutzung von Cookies unterbinden wollen, k\u00f6nnen Sie dies durch lokale Einstellungen in Ihrem Internetbrowser, (z.B. Internet Explorer, Mozilla Firefox, Opera oder Safari) tun.<\/p>\n<p>Kontaktformulare<\/p>\n<p>Wenn Sie uns per Kontaktformular Anfragen zukommen lassen, werden Ihre Angaben aus dem Anfrageformular inklusive der von Ihnen dort angegebenen Kontaktdaten zwecks Bearbeitung der Anfrage und f\u00fcr den Fall von Anschlussfragen bei uns gespeichert und verarbeitet. Sie k\u00f6nnen dem jederzeit widersprechen (Widerrufsrecht). Ihre Daten geben wir nicht ohne Ihre Einwilligung weiter.<\/p>\n<p>Recht auf Daten\u00fcbertragbarkeit<\/p>\n<p>Sie haben das Recht die Sie betreffenden personenbezogenen Daten, die Sie uns bereitgestellt haben, in einem strukturierten, g\u00e4ngigen und maschinenlesbaren Format zu erhalten.<\/p>\n<p>Recht auf Beschwerde bei einer Aufsichtsbeh\u00f6rde<\/p>\n<p>Jede betroffene Person hat unbeschadet eines anderweitigen verwaltungsrechtlichen oder gerichtlichen Rechtsbehelfs das Recht auf Beschwerde bei einer Aufsichtsbeh\u00f6rde, insbesondere in dem Mitgliedstaat ihres Aufenthaltsorts, ihres Arbeitsplatzes oder des Orts des mutma\u00dflichen Versto\u00dfes, wenn die betroffene Person der Ansicht ist, dass die Verarbeitung der sie betreffenden personenbezogenen Daten gegen die Datenschutzgrundverordnung der EU (DS-GVO) verst\u00f6\u00dft.<\/p>\n<p>Links zu anderen Webseiten<\/p>\n<p>Unsere Website\/App kann von Zeit zu Zeit Links zu Websites Dritter oder zu anderen Websites von uns selbst enthalten. Wenn Sie einem Link zu einer dieser Websites folgen, weisen wir Sie darauf hin, dass diese Websites ihre eigenen Datenschutzrichtlinien haben und dass wir f\u00fcr diese Richtlinien keine Verantwortung oder Haftung \u00fcbernehmen. Bitte \u00fcberpr\u00fcfen Sie diese Datenschutzrichtlinien, bevor Sie personenbezogenen Daten an diese Websites weitergeben.<\/p>\n<p>Kommentarfunktion<\/p>\n<p>Auf einzelnen Seiten oder Beitr\u00e4gen gibt es eine freiwillige Kommentarfunktion f\u00fcr Nutzer, die ihre Meinung zur jeweiligen Seite oder zum einem Beitrag mitteilen m\u00f6chten. Der Kommentar wird nach positiver Pr\u00fcfung freigegeben und erscheint \u00f6ffentlich auf der Seite, wo der Kommentar abgeschickt wurde. Einen Anspruch auf Freigabe eines Kommentars gibt es nicht. Der Kommentierende muss einen Namen angeben, dies darf ein Pseudonym sein. Ebenso muss der Kommentierende eine Email-Adresse angeben. Dies dient dazu, ihn bzgl. des Status seines Kommentars zu informieren insbesondere auch, wenn er im Kommentar eine Frage gestellt hat und auf Antwort wartet. Die Email Adresse wird nicht \u00f6ffentlich angezeigt und nicht an Dritte weitergegeben und nicht manuell ausgewertet. Die IP-Adresse des Kommentierenden wird nur in anonymisierter Form gespeichert.<\/p>\n<p>SSL-Verschl\u00fcsselung<\/p>\n<p>Diese Website nutzt die SSL-Verschl\u00fcsselung (Secure Socket Layer) f\u00fcr die \u00dcbertragung von Daten Ihres Browsers zu unserem Server und zu Servern, die Dateien bereitstellen, welche wir auf unserer Webseite einbinden. Mit SSL werden Daten verschl\u00fcsselt \u00fcbertragen. Die Daten sind nicht ver\u00e4nderbar und der Absender kann identifiziert werden. Sie erkennen das Vorhandensein der SSL-Verschl\u00fcsselung anhand des vorangestellten Textes \u201ehttps\u201c vor der Adresse der Webseite, die sie im Browser aufrufen.<\/p>\n<p>Verweise auf Webseiten Dritter<\/p>\n<p>Auf dieser Webseite werden Verweise auf Webseiten Dritter in Form sogenannter Links bzw. Verlinkungen angeboten. Erst wenn Sie auf einen solchen Link klicken, werden Daten zum Linkziel \u00fcbertragen. Dies ist technisch notwendig. Die \u00fcbertragenen Daten sind insbesondere: Ihre IP-Adresse, der Zeitpunkt zu dem Sie den Link angeklickt haben, die Seite auf der Sie den Link angeklickt haben, Angaben zu Ihrem Internet-Browser. Wenn Sie nicht m\u00f6chten, dass diese Daten zum Linkziel \u00fcbertragen werden, klicken Sie den Link nicht an.<\/p>\n<p>Nutzung von Facebooks Besucherzugriffsstatistik<\/p>\n<p>Wir verwenden die Besucherzugriffsstatistik (Remarketing-Funktion) \u201eCustom Audiences\u201c der Facebook Inc., 1601 S. California Ave, Palo Alto, CA 94304, USA (\u201eFacebook\u201c), auch als Facebook Pixel bekannt. Durch diese Funktion k\u00f6nnen wir die Besucher der Webseite zielgerichtet mit Werbung ansprechen, indem f\u00fcr Besucher dieser Webseite personalisierte, interessenbezogene Facebook-Werbung geschaltet werden, wenn Sie das soziale Netzwerk Facebook besuchen. Die Funktion wird nur aktiviert, nachdem Sie Ihre Erlaubnis dazu gegeben haben. Ist die Funktion aktiviert, dann wird beim Besuch dieser Webseite eine direkte Verbindung zu einem Facebook-Server hergestellt. Dabei wird an den Facebook-Server \u00fcbermittelt, welche unserer Internetseiten Sie besucht haben. Facebook ordnet diese Information Ihrem pers\u00f6nlichen Facebook-Benutzerkonto zu. Weitere Informationen zur Erhebung und Nutzung der Daten durch Facebook, \u00fcber Ihre diesbez\u00fcglichen Rechte und M\u00f6glichkeiten zum Schutz Ihrer Privatsph\u00e4re finden Sie in den Datenschutzhinweisen von Facebook unter https:\/\/www.facebook.com\/about\/privacy\/. Wenn Sie nicht m\u00f6chten, dass Facebook die gesammelten Informationen unmittelbar Ihrem Facebook-Benutzerkonto zuordnet, k\u00f6nnen Sie die Remarketing-Funktion \u201eCustom Audiences\u201c hier deaktivieren. Dazu m\u00fcssen Sie bei Facebook angemeldet sein.<br \/>\nFacebook hat sich dem zwischen der Europ\u00e4ischen Union und den USA geschlossenen Privacy-Shield-Abkommen unterworfen und sich entsprechend zertifiziert. Dadurch verpflichtet sich die Firma Facebook, die Standards und Vorschriften des europ\u00e4ischen Datenschutzrechts einzuhalten. Weitere Informationen hierzu erhalten Sie auf dieser Webseite.<\/p>\n<p>Google reCAPTCHA<\/p>\n<p>Zum Schutz Ihrer Kommunikation per Internetformular wird die Komponente reCAPTCHA des Unternehmens Google Inc. (Google) verwendet. Mit reCAPTCHA kann ein Missbrauch durch automatisierte, maschinelle Verarbeitung reduziert werden. reCAPTCHA \u00fcbermittelt Ihre IP-Adresse und ggf. weitere von Google f\u00fcr reCAPTCHA ben\u00f6tigte Daten an Google. Ihre Eingabe \u00fcber die reCAPTCHA Komponente wird an Google \u00fcbermittelt und dort weiter verarbeitet. Durch die Nutzung von reCAPTCHA erkl\u00e4ren Sie sich damit einverstanden, dass die von Ihnen geleistete Erkennung von Bildern in die Digitalisierung alter Werke einflie\u00dft. Die im Rahmen der Nutzung von reCAPTCHA von Ihrem Browser \u00fcbermittelte IP-Adresse wird nicht mit anderen Daten von Google zusammengef\u00fchrt. F\u00fcr diese Daten gelten die abweichenden Datenschutzbestimmungen des Unternehmens Google. Weitere Informationen zu Googles Datenschutzrichtlinien finden Sie hier: https:\/\/www.google.com\/intl\/de\/policies\/privacy\/.<\/p>\n<p>Google Schriftarten<\/p>\n<p>Diese Seite nutzt zur Darstellung bestimmte Schriftarten von Google. Beim Aufruf einer Seite l\u00e4dt Ihr Browser diese Schriftarten. Dabei wird Ihre IP-Adresse samt der Seite (Internetadresse), die Sie besucht haben, an einen Server der Firma Google \u00fcbertragen. Weitere Informationen zu diesen Google Schriftarten finden Sie unter https:\/\/developers.google.com\/fonts\/faq und in der Datenschutzerkl\u00e4rung von Google unter https:\/\/www.google.com\/policies\/privacy\/<\/p>\n<p>Google Maps<\/p>\n<p>Diese Internetpr\u00e4senz verwendet die Kartensoftware Google Maps von Google Inc., 1600 Amphitheatre Parkway, Mountain View, CA 94043, USA. Durch die Nutzung dieser Webseite erkl\u00e4ren Sie sich mit der Erfassung, Bearbeitung und Nutzung der m\u00f6glicherweise automatisiert erhobenen Daten durch Google und dessen Vertretern einverstanden. Nutzungsbedingungen von Google Maps. Datenschutzbestimmungen von Google<\/p>\n<p>Google Analytics<\/p>\n<p>Unsere Internetseite verwendet den Analysedienst Google Analytics nicht.<\/p>\n<p>YouTube-Videos<\/p>\n<p>Wir haben YouTube-Videos auf unserer Webseite eingebunden, die auf den Servern des Anbieters YouTube gespeichert werden und von unserer Webseite \u00fcber eine Einbettung abspielbar sind. Die Einbettung der Videos erfolgt mit aktivierter Option f\u00fcr erweiterte Datenschutzeinstellungen. Wenn Sie diese Videos abspielen, werden auf Ihrem Computer YouTube-Cookies und DoubleClick-Cookies gespeichert und m\u00f6glicherweise Daten an Google Inc., Amphitheater Parkway, Mountain View, CA 94043, USA, als YouTube-Betreiber \u00fcbertragen.Beim Abspielen von bei YouTube gespeicherten Videos werden nach aktuellem Stand mindestens folgende Daten an Google Inc. als YouTube-Betreiber und Betreiber des DoubleClick-Netzwerks \u00fcbertragen: IP-Adresse und Cookie, die spezifische Adresse der bei uns aufgerufenen Seite, Systemdatum und Zeit des Aufrufs, Kennung Ihres Browsers.Die \u00dcbertragung dieser Daten erfolgt unabh\u00e4ngig davon, ob Sie ein Google Nutzerkonto haben, \u00fcber das Sie eingeloggt sind, oder ob Sie kein Nutzer-Konto besitzen. Wenn Sie derart angemeldet sind, werden diese Daten m\u00f6glicherweise von Google direkt Ihrem Konto zugeordnet. Wenn Sie die Zuordnung zu Ihrem Profil nicht w\u00fcnschen, m\u00fcssen Sie sich vor Aktivierung des Abspiel-Buttons f\u00fcr das Video ausloggen.YouTube bzw. Google Inc. speichern diese Daten als Nutzungsprofile und nutzt diese ggf. f\u00fcr Zwecke der Werbung, Marktforschung und\/oder bedarfsgerechten Gestaltung ihrer Webseiten. Eine solche Auswertung erfolgt insbesondere (auch f\u00fcr nicht angemeldete Nutzer) zur Erbringung von bedarfsgerechter Werbung und um andere Nutzer \u00fcber Ihre Aktivit\u00e4ten auf unserer Webseite zu informieren. Ihnen steht ein Widerspruchsrecht zu gegen die Bildung dieser Nutzerprofile, wobei Sie sich zur Aus\u00fcbung dessen an Google als Betreiber von YouTube richten m\u00fcssen.Weitere Informationen zum Zweck &amp; Umfang der Datenerhebung und ihrer Verarbeitung durch Google erhalten Sie auf dieser Informationsseite.<\/p>\n<p>Amazon Partnerprogramm<\/p>\n<p>Die Betreiber der Seiten nehmen am Amazon EU- Partnerprogramm teil. Auf unseren Seiten werden durch Amazon Werbeanzeigen und Links zur Seite von Amazon.de eingebunden, an denen wir \u00fcber Werbekostenerstattung Geld verdienen k\u00f6nnen. Amazon setzt dazu Cookies ein, um die Herkunft der Bestellungen nachvollziehen zu k\u00f6nnen. Dadurch kann Amazon erkennen, dass Sie den Partnerlink auf unserer Website geklickt haben.<\/p>\n<p>Die Speicherung von \u201cAmazon-Cookies\u201d erfolgt auf Grundlage von Art. 6 lit. f DSGVO. Der Websitebetreiber hat hieran ein berechtigtes Interesse, da nur durch die Cookies die H\u00f6he seiner Affiliate-Verg\u00fctung feststellbar ist.<\/p>\n<p>Weitere Informationen zur Datennutzung durch Amazon erhalten Sie in der Datenschutzerkl\u00e4rung von Amazon: https:\/\/www.amazon.de\/gp\/help\/customer\/display.html\/ref=footer_privacy?ie=UTF8&amp;nodeId=3312401.<\/p>\n<p>Medien<\/p>\n<p>Wenn du ein registrierter Benutzer bist und Fotos auf diese Website l\u00e4dst, solltest du vermeiden, Fotos mit einem EXIF-GPS-Standort hochzuladen. Besucher dieser Website k\u00f6nnten Fotos, die auf dieser Website gespeichert sind, herunterladen und deren Standort-Informationen extrahieren.<\/p>\n<p>Sicherheitshinweis<\/p>\n<p>Wir sichern unsere Webseite und sonstige IT-Systeme durch geeignete technische und organisatorische Ma\u00dfnahmen gegen Verlust, Zerst\u00f6rung, unberechtigten Zugriff, unberechtigte Ver\u00e4nderung oder unberechtigte Verbreitung Ihrer Daten ab. Ein vollst\u00e4ndiger Schutz gegen alle Gefahren ist praktisch trotz aller Sorgfalt jedoch nicht in jedem Fall m\u00f6glich. Weil bei der Kommunikation per E-Mail die vollst\u00e4ndige Datensicherheit von uns nicht gew\u00e4hrleistet werden kann, empfehlen wir zur \u00dcbermittlung von vertraulichen Informationen den Postweg.<\/p>\n<p>Datenschutzerkl\u00e4rung f\u00fcr die Nutzung von Instagram<\/p>\n<p>Auf unseren Seiten sind Funktionen des Dienstes Instagram eingebunden. Diese Funktionen werden angeboten durch die Instagram Inc., 1601 Willow Road, Menlo Park, CA, 94025, USA integriert. Wenn Sie in Ihrem Instagram \u2013 Account eingeloggt sind k\u00f6nnen Sie durch Anklicken des Instagram \u2013 Buttons die Inhalte unserer Seiten mit Ihrem Instagram \u2013 Profil verlinken. Dadurch kann Instagram den Besuch unserer Seiten Ihrem Benutzerkonto zuordnen. Wir weisen darauf hin, dass wir als Anbieter der Seiten keine Kenntnis vom Inhalt der \u00fcbermittelten Daten sowie deren Nutzung durch Instagram erhalten.<\/p>\n<p>Weitere Informationen hierzu finden Sie in der Datenschutzerkl\u00e4rung von Instagram:http:\/\/instagram.com\/about\/legal\/privacy\/<\/p>\n<p>Datenschutzerkl\u00e4rung f\u00fcr die Nutzung von YouTube<\/p>\n<p>Unsere Webseite nutzt Plugins der von Google betriebenen Seite YouTube. Betreiber der Seiten ist die YouTube, LLC, 901 Cherry Ave., San Bruno, CA 94066, USA. Wenn Sie eine unserer mit einem YouTube-Plugin ausgestatteten Seiten besuchen, wird eine Verbindung zu den Servern von YouTube hergestellt. Dabei wird dem Youtube-Server mitgeteilt, welche unserer Seiten Sie besucht haben.<br \/>\nWenn Sie in Ihrem YouTube-Account eingeloggt sind erm\u00f6glichen Sie YouTube, Ihr Surfverhalten direkt Ihrem pers\u00f6nlichen Profil zuzuordnen. Dies k\u00f6nnen Sie verhindern, indem Sie sich aus Ihrem YouTube-Account ausloggen.<\/p>\n<p>Weitere Informationen zum Umgang von Nutzerdaten finden Sie in der Datenschutzerkl\u00e4rung von YouTube unter https:\/\/www.google.de\/intl\/de\/policies\/privacy<\/p>\n<p>\u00c4nderungen dieser Datenschutzerkl\u00e4rung<\/p>\n<p>Wir behalten uns vor, diese Datenschutzerkl\u00e4rung zu \u00e4ndern, wenn sich die Rechtslage oder dieses Online-Angebot oder die Art der Datenerfassung \u00e4ndert. Dies gilt jedoch nur bez\u00fcglich Erkl\u00e4rungen zur Datenverarbeitung. Sofern eine Einwilligung des Nutzers notwendig ist oder Bestandteile der Datenschutzerkl\u00e4rung eine Regelung des Vertragsverh\u00e4ltnisses mit Nutzern enthalten, erfolgt die \u00c4nderung der Datenschutzerkl\u00e4rung nur nach Zustimmung des Nutzers.Bitte informieren Sie sich daher bei Bedarf \u00fcber diese Datenschutzerkl\u00e4rung, insbesondere, wenn Sie personenbezogene Daten mitteilen.<\/p>\n","protected":false},"excerpt":{"rendered":"<p>Datenschutzerkl\u00e4rung Wir bedanken uns f\u00fcr Ihren Besuch auf unserer Webseite. Der sicherere Umgang mit Ihren Daten ist uns besonders wichtig. Wir m\u00f6chten Sie daher ausf\u00fchrlich \u00fcber die Verwendung Ihrer Daten <a class=\"more-link\" href=\"https:\/\/honig-saffian.de\/?page_id=100\">Continue Reading &rarr;<\/a><\/p>\n","protected":false},"author":1,"featured_media":0,"parent":0,"menu_order":0,"comment_status":"closed","ping_status":"closed","template":"","meta":[],"_links":{"self":[{"href":"https:\/\/honig-saffian.de\/index.php?rest_route=\/wp\/v2\/pages\/100"}],"collection":[{"href":"https:\/\/honig-saffian.de\/index.php?rest_route=\/wp\/v2\/pages"}],"about":[{"href":"https:\/\/honig-saffian.de\/index.php?rest_route=\/wp\/v2\/types\/page"}],"author":[{"embeddable":true,"href":"https:\/\/honig-saffian.de\/index.php?rest_route=\/wp\/v2\/users\/1"}],"replies":[{"embeddable":true,"href":"https:\/\/honig-saffian.de\/index.php?rest_route=%2Fwp%2Fv2%2Fcomments&post=100"}],"version-history":[{"count":4,"href":"https:\/\/honig-saffian.de\/index.php?rest_route=\/wp\/v2\/pages\/100\/revisions"}],"predecessor-version":[{"id":328,"href":"https:\/\/honig-saffian.de\/index.php?rest_route=\/wp\/v2\/pages\/100\/revisions\/328"}],"wp:attachment":[{"href":"https:\/\/honig-saffian.de\/index.php?rest_route=%2Fwp%2Fv2%2Fmedia&parent=100"}],"curies":[{"name":"wp","href":"https:\/\/api.w.org\/{rel}","templated":true}]}}