{"id":280,"date":"2018-10-12T14:01:58","date_gmt":"2018-10-12T12:01:58","guid":{"rendered":"http:\/\/honig-saffian.de\/?page_id=280"},"modified":"2018-10-12T14:13:45","modified_gmt":"2018-10-12T12:13:45","slug":"bluetenhonig","status":"publish","type":"page","link":"https:\/\/honig-saffian.de\/?page_id=280","title":{"rendered":"Bl\u00fctenhonig"},"content":{"rendered":"<p>Gewonnen aus dem Herzen der ca. 400 Kleing\u00e4rten und mehreren Parkanlagen in Waldrandn\u00e4he. Unser Bl\u00fctenhonig zeichnet sich geschmacklich durch seine Bl\u00fctenvielfalt, der von den Bienen besuchten Trachtpflanzen, aus. Diese Vielfalt verleiht dem Honig sein excellentes Aroma.<\/p>\n<p>Je nach Wetterlage im Fr\u00fchjahr beginnt die Tracht mit der Obstbl\u00fcte und endet mit der Akazienbl\u00fcte in der Regel bis Anfang Juni.<\/p>\n<h1>Akazienhonig<\/h1>\n<p>Wird in Deutschland von den Bienen vom Nektar der Robinie geerntet. Die Erntezeit f\u00fcr diesen sehr milden, lange fl\u00fcssigen Honig ist in unserer Region von Mitte Mai bis Anfang Juni. Die Bl\u00fchzeiten der Robinie sind sehr stark vom Wetter abh\u00e4ngig. Oft f\u00e4llt die Ernte wegen einer Schlechtwetterperiode sprichw\u00f6rtlich ins Wasser. Dieses Jahr, bedingt durch das warme Wetter und fast keinen Regen, konnten wir einen sehr leckeren Akazienhonig ernten.<\/p>\n","protected":false},"excerpt":{"rendered":"<p>Gewonnen aus dem Herzen der ca. 400 Kleing\u00e4rten und mehreren Parkanlagen in Waldrandn\u00e4he. Unser Bl\u00fctenhonig zeichnet sich geschmacklich durch seine Bl\u00fctenvielfalt, der von den Bienen besuchten Trachtpflanzen, aus. Diese Vielfalt <a class=\"more-link\" href=\"https:\/\/honig-saffian.de\/?page_id=280\">Continue Reading &rarr;<\/a><\/p>\n","protected":false},"author":1,"featured_media":0,"parent":0,"menu_order":0,"comment_status":"closed","ping_status":"closed","template":"","meta":[],"_links":{"self":[{"href":"https:\/\/honig-saffian.de\/index.php?rest_route=\/wp\/v2\/pages\/280"}],"collection":[{"href":"https:\/\/honig-saffian.de\/index.php?rest_route=\/wp\/v2\/pages"}],"about":[{"href":"https:\/\/honig-saffian.de\/index.php?rest_route=\/wp\/v2\/types\/page"}],"author":[{"embeddable":true,"href":"https:\/\/honig-saffian.de\/index.php?rest_route=\/wp\/v2\/users\/1"}],"replies":[{"embeddable":true,"href":"https:\/\/honig-saffian.de\/index.php?rest_route=%2Fwp%2Fv2%2Fcomments&post=280"}],"version-history":[{"count":2,"href":"https:\/\/honig-saffian.de\/index.php?rest_route=\/wp\/v2\/pages\/280\/revisions"}],"predecessor-version":[{"id":285,"href":"https:\/\/honig-saffian.de\/index.php?rest_route=\/wp\/v2\/pages\/280\/revisions\/285"}],"wp:attachment":[{"href":"https:\/\/honig-saffian.de\/index.php?rest_route=%2Fwp%2Fv2%2Fmedia&parent=280"}],"curies":[{"name":"wp","href":"https:\/\/api.w.org\/{rel}","templated":true}]}}