{"id":288,"date":"2018-10-12T14:31:04","date_gmt":"2018-10-12T12:31:04","guid":{"rendered":"http:\/\/honig-saffian.de\/?page_id=288"},"modified":"2022-01-20T16:23:14","modified_gmt":"2022-01-20T14:23:14","slug":"wachs-ausschmelzen","status":"publish","type":"page","link":"https:\/\/honig-saffian.de\/","title":{"rendered":"Wachs ausschmelzen"},"content":{"rendered":"<h2>Meine\u00a0Hinweise zum Betrieb mit dem Dampfwachsschmelzer<\/h2>\n<ul>\n<li>Dampferzeuger mu\u00df ca. 1m h\u00f6her stehen als die Dampftrommel aus lebensmittelechtem Kunststoff<\/li>\n<li>Unter die Auslass\u00f6ffnung der Dampftrommel\u00a0einen Beh\u00e4lter mit 2-3 cm Wasser stellen um das ausgeschmolzene Wachs aufzufangen. Der erkaltete Wachsblock schwimmt dann im Auffanggef\u00e4\u00df und l\u00e4\u00dft sich leicht herausnehmen<\/li>\n<li>Waben im Kaltbau zur Einstr\u00f6m\u00f6ffnung des Dampfes positionieren<\/li>\n<li>Dampferzeuger nie \u00fcber das Maximum bef\u00fcllen oder unter Minimum ausdampfen lassen<\/li>\n<li>Um Bienen einflug in das fl\u00fcssige Wachs zu verhindern ummantele ich die Dampftrommel mi einer alten Gardine<\/li>\n<li>Vermeiden im Winter auszuschmelzen. Durch den hohen Temperaturunterschied erhitzt sich die Dampftrommel mit Deckel stark und das Material wird spr\u00f6de und rei\u00dft ein.<\/li>\n<li>Einen Filter bzw. ein Flies verwenden (halber alter Kartoffelsack oder aus Nylon). Am besten in ein Drahtgestell reinlegen und in das Flies die Waben im Kaltbau reinstellen<\/li>\n<\/ul>\n<p>Das Wasser zum Verdampfen im Dampfwachsschmelzer mu\u00df kalkfrei sein. Leitungswasser eignet sich nicht dazu. Am besten bef\u00fcllt man den Dampfwachsschmelzer mit Regenwasser. Durch Leitungswasser wird das Wachs grau. Die Spirale des Dampfwachsschmelzers setzt sich mit Kalk zu. Dies f\u00fchrt unweigerlich zur Zerst\u00f6rung der Spirale.<\/p>\n<p><img fetchpriority=\"high\" decoding=\"async\" class=\"size-medium wp-image-255 alignnone\" src=\"http:\/\/honig-saffian.de\/wp-content\/uploads\/2018\/10\/wachsschmelzen-225x300.jpg\" alt=\"\" width=\"225\" height=\"300\" srcset=\"https:\/\/honig-saffian.de\/wp-content\/uploads\/2018\/10\/wachsschmelzen-225x300.jpg 225w, https:\/\/honig-saffian.de\/wp-content\/uploads\/2018\/10\/wachsschmelzen-768x1024.jpg 768w, https:\/\/honig-saffian.de\/wp-content\/uploads\/2018\/10\/wachsschmelzen.jpg 1200w\" sizes=\"(max-width: 225px) 100vw, 225px\" \/><img decoding=\"async\" class=\"alignnone size-medium wp-image-254\" src=\"http:\/\/honig-saffian.de\/wp-content\/uploads\/2018\/10\/Wachsschmelzen1-225x300.jpg\" alt=\"\" width=\"225\" height=\"300\" srcset=\"https:\/\/honig-saffian.de\/wp-content\/uploads\/2018\/10\/Wachsschmelzen1-225x300.jpg 225w, https:\/\/honig-saffian.de\/wp-content\/uploads\/2018\/10\/Wachsschmelzen1-768x1024.jpg 768w, https:\/\/honig-saffian.de\/wp-content\/uploads\/2018\/10\/Wachsschmelzen1.jpg 1200w\" sizes=\"(max-width: 225px) 100vw, 225px\" \/><img decoding=\"async\" class=\"alignnone size-medium wp-image-253\" src=\"http:\/\/honig-saffian.de\/wp-content\/uploads\/2018\/10\/wachsschmelzen2-225x300.jpg\" alt=\"\" width=\"225\" height=\"300\" srcset=\"https:\/\/honig-saffian.de\/wp-content\/uploads\/2018\/10\/wachsschmelzen2-225x300.jpg 225w, https:\/\/honig-saffian.de\/wp-content\/uploads\/2018\/10\/wachsschmelzen2-768x1024.jpg 768w, https:\/\/honig-saffian.de\/wp-content\/uploads\/2018\/10\/wachsschmelzen2.jpg 1200w\" sizes=\"(max-width: 225px) 100vw, 225px\" \/><\/p>\n<h3>Anzeichen f\u00fcr das verkalken der Spirale<\/h3>\n<p>Der Dampfwachsschmelzer schaltet sich nach k\u00fcrzester Betriebszeit automatisch ab. Dies passiert, sobald die Spirale zum gr\u00f6\u00dften Teil mit Kalk zugesetzt ist.<\/p>\n<h4>Gegenma\u00dfnahmen :<\/h4>\n<p>Spirale herausschrauben, mit Zitronens\u00e4ure entkalken, bzw. vorsichtig den Kalk mechanisch von der Spirale l\u00f6sen.<\/p>\n","protected":false},"excerpt":{"rendered":"<p>Meine\u00a0Hinweise zum Betrieb mit dem Dampfwachsschmelzer Dampferzeuger mu\u00df ca. 1m h\u00f6her stehen als die Dampftrommel aus lebensmittelechtem Kunststoff Unter die Auslass\u00f6ffnung der Dampftrommel\u00a0einen Beh\u00e4lter mit 2-3 cm Wasser stellen um <a class=\"more-link\" href=\"https:\/\/honig-saffian.de\/\">Continue Reading &rarr;<\/a><\/p>\n","protected":false},"author":1,"featured_media":0,"parent":0,"menu_order":0,"comment_status":"closed","ping_status":"closed","template":"","meta":[],"_links":{"self":[{"href":"https:\/\/honig-saffian.de\/index.php?rest_route=\/wp\/v2\/pages\/288"}],"collection":[{"href":"https:\/\/honig-saffian.de\/index.php?rest_route=\/wp\/v2\/pages"}],"about":[{"href":"https:\/\/honig-saffian.de\/index.php?rest_route=\/wp\/v2\/types\/page"}],"author":[{"embeddable":true,"href":"https:\/\/honig-saffian.de\/index.php?rest_route=\/wp\/v2\/users\/1"}],"replies":[{"embeddable":true,"href":"https:\/\/honig-saffian.de\/index.php?rest_route=%2Fwp%2Fv2%2Fcomments&post=288"}],"version-history":[{"count":13,"href":"https:\/\/honig-saffian.de\/index.php?rest_route=\/wp\/v2\/pages\/288\/revisions"}],"predecessor-version":[{"id":330,"href":"https:\/\/honig-saffian.de\/index.php?rest_route=\/wp\/v2\/pages\/288\/revisions\/330"}],"wp:attachment":[{"href":"https:\/\/honig-saffian.de\/index.php?rest_route=%2Fwp%2Fv2%2Fmedia&parent=288"}],"curies":[{"name":"wp","href":"https:\/\/api.w.org\/{rel}","templated":true}]}}