{"id":307,"date":"2018-10-12T16:18:04","date_gmt":"2018-10-12T14:18:04","guid":{"rendered":"http:\/\/honig-saffian.de\/?page_id=307"},"modified":"2018-10-12T16:35:59","modified_gmt":"2018-10-12T14:35:59","slug":"wachs-klaeren","status":"publish","type":"page","link":"https:\/\/honig-saffian.de\/?page_id=307","title":{"rendered":"Wachs kl\u00e4ren"},"content":{"rendered":"<p>Nach dem ausschmelzen des Wachses aus den Bienenwaben wird das Wachs gekl\u00e4rt. Durch die mehrmalige Kl\u00e4rung reinigt sich das Wachs auf nat\u00fcrliche Weise. Das Wachs wird erhitzt und verfl\u00fcssigt. Durch das langsame Abk\u00fchlen haben die Fremdstoffe im Wachs genug Zeit sich am Boden des sich bildenden Wachskuchen abzusetzen. Nach der Erkaltung wird der Kuchen aus dem Schmelzgef\u00e4\u00df heraus genommen. Die Unterseite wird mit einem Messer oder Stockmeisel abgezogen. Durch wiederholtes Kl\u00e4ren und Abziehen erh\u00e4lt man sauberes Wachs, das sich hervorragend zum giessen von Bienenwachskerzen und Mittelw\u00e4nden eignet.<\/p>\n<p><img fetchpriority=\"high\" decoding=\"async\" class=\"alignnone wp-image-248\" src=\"http:\/\/honig-saffian.de\/wp-content\/uploads\/2018\/10\/bienenwachskuchen1-300x268.jpg\" alt=\"\" width=\"252\" height=\"225\" srcset=\"https:\/\/honig-saffian.de\/wp-content\/uploads\/2018\/10\/bienenwachskuchen1-300x268.jpg 300w, https:\/\/honig-saffian.de\/wp-content\/uploads\/2018\/10\/bienenwachskuchen1-768x686.jpg 768w, https:\/\/honig-saffian.de\/wp-content\/uploads\/2018\/10\/bienenwachskuchen1-1024x915.jpg 1024w, https:\/\/honig-saffian.de\/wp-content\/uploads\/2018\/10\/bienenwachskuchen1.jpg 1600w\" sizes=\"(max-width: 252px) 100vw, 252px\" \/><img decoding=\"async\" class=\"alignnone size-medium wp-image-244\" src=\"http:\/\/honig-saffian.de\/wp-content\/uploads\/2018\/10\/bieneneachskuchen2-300x225.jpg\" alt=\"\" width=\"300\" height=\"225\" srcset=\"https:\/\/honig-saffian.de\/wp-content\/uploads\/2018\/10\/bieneneachskuchen2-300x225.jpg 300w, https:\/\/honig-saffian.de\/wp-content\/uploads\/2018\/10\/bieneneachskuchen2-768x576.jpg 768w, https:\/\/honig-saffian.de\/wp-content\/uploads\/2018\/10\/bieneneachskuchen2-1024x768.jpg 1024w, https:\/\/honig-saffian.de\/wp-content\/uploads\/2018\/10\/bieneneachskuchen2.jpg 1600w\" sizes=\"(max-width: 300px) 100vw, 300px\" \/><\/p>\n<h3>Geeignete Schmelzgef\u00e4\u00dfe<\/h3>\n<p>Wachs hat einen Schmelzpunkt von ca. 62 &#8211; 65 \u00b0 C. Zum schmelzen eignen sich Gef\u00e4\u00dfe aus Aluminium, Edelstahl und mit Emaille Beschichtung. T\u00f6pfe aus Stahl verf\u00e4rben das Wachs grau. Auspressen des Wachstrester lohnt sich meiner Erfahrung nach nicht.<\/p>\n","protected":false},"excerpt":{"rendered":"<p>Nach dem ausschmelzen des Wachses aus den Bienenwaben wird das Wachs gekl\u00e4rt. Durch die mehrmalige Kl\u00e4rung reinigt sich das Wachs auf nat\u00fcrliche Weise. Das Wachs wird erhitzt und verfl\u00fcssigt. Durch <a class=\"more-link\" href=\"https:\/\/honig-saffian.de\/?page_id=307\">Continue Reading &rarr;<\/a><\/p>\n","protected":false},"author":1,"featured_media":0,"parent":0,"menu_order":0,"comment_status":"closed","ping_status":"closed","template":"","meta":[],"_links":{"self":[{"href":"https:\/\/honig-saffian.de\/index.php?rest_route=\/wp\/v2\/pages\/307"}],"collection":[{"href":"https:\/\/honig-saffian.de\/index.php?rest_route=\/wp\/v2\/pages"}],"about":[{"href":"https:\/\/honig-saffian.de\/index.php?rest_route=\/wp\/v2\/types\/page"}],"author":[{"embeddable":true,"href":"https:\/\/honig-saffian.de\/index.php?rest_route=\/wp\/v2\/users\/1"}],"replies":[{"embeddable":true,"href":"https:\/\/honig-saffian.de\/index.php?rest_route=%2Fwp%2Fv2%2Fcomments&post=307"}],"version-history":[{"count":3,"href":"https:\/\/honig-saffian.de\/index.php?rest_route=\/wp\/v2\/pages\/307\/revisions"}],"predecessor-version":[{"id":313,"href":"https:\/\/honig-saffian.de\/index.php?rest_route=\/wp\/v2\/pages\/307\/revisions\/313"}],"wp:attachment":[{"href":"https:\/\/honig-saffian.de\/index.php?rest_route=%2Fwp%2Fv2%2Fmedia&parent=307"}],"curies":[{"name":"wp","href":"https:\/\/api.w.org\/{rel}","templated":true}]}}