{"id":69,"date":"2018-09-18T02:39:43","date_gmt":"2018-09-18T00:39:43","guid":{"rendered":"http:\/\/honig-saffian.de\/?page_id=69"},"modified":"2018-10-12T14:20:07","modified_gmt":"2018-10-12T12:20:07","slug":"sommerbluete","status":"publish","type":"page","link":"https:\/\/honig-saffian.de\/?page_id=69","title":{"rendered":"Sommerbl\u00fcte"},"content":{"rendered":"<p>Sommerbl\u00fcte ist bei uns Lindenhonig mit Brombeere. Die Brombeere verleiht dem kr\u00e4ftigen Honig ein fruchtiges Aroma, schmeckt einfach lecker, mu\u00df man probiert haben. Honig schmeckzt jedes Jahr anders. Das ist abh\u00e4ngig vom Wetter, Temperatur und den daraus resultierenden Bl\u00fchzeiten Intervallen. Die Farbe ist gelb bis beige, je nach Honogtauanteil auch wesentlich dunkler.<\/p>\n<p>&nbsp;<\/p>\n<p>&nbsp;<\/p>\n","protected":false},"excerpt":{"rendered":"<p>Sommerbl\u00fcte ist bei uns Lindenhonig mit Brombeere. Die Brombeere verleiht dem kr\u00e4ftigen Honig ein fruchtiges Aroma, schmeckt einfach lecker, mu\u00df man probiert haben. Honig schmeckzt jedes Jahr anders. Das ist <a class=\"more-link\" href=\"https:\/\/honig-saffian.de\/?page_id=69\">Continue Reading &rarr;<\/a><\/p>\n","protected":false},"author":1,"featured_media":0,"parent":0,"menu_order":0,"comment_status":"closed","ping_status":"closed","template":"","meta":[],"_links":{"self":[{"href":"https:\/\/honig-saffian.de\/index.php?rest_route=\/wp\/v2\/pages\/69"}],"collection":[{"href":"https:\/\/honig-saffian.de\/index.php?rest_route=\/wp\/v2\/pages"}],"about":[{"href":"https:\/\/honig-saffian.de\/index.php?rest_route=\/wp\/v2\/types\/page"}],"author":[{"embeddable":true,"href":"https:\/\/honig-saffian.de\/index.php?rest_route=\/wp\/v2\/users\/1"}],"replies":[{"embeddable":true,"href":"https:\/\/honig-saffian.de\/index.php?rest_route=%2Fwp%2Fv2%2Fcomments&post=69"}],"version-history":[{"count":2,"href":"https:\/\/honig-saffian.de\/index.php?rest_route=\/wp\/v2\/pages\/69\/revisions"}],"predecessor-version":[{"id":287,"href":"https:\/\/honig-saffian.de\/index.php?rest_route=\/wp\/v2\/pages\/69\/revisions\/287"}],"wp:attachment":[{"href":"https:\/\/honig-saffian.de\/index.php?rest_route=%2Fwp%2Fv2%2Fmedia&parent=69"}],"curies":[{"name":"wp","href":"https:\/\/api.w.org\/{rel}","templated":true}]}}